{"id":95,"date":"2017-06-18T21:24:13","date_gmt":"2017-06-18T19:24:13","guid":{"rendered":"http:\/\/www.xilolab.eu\/?page_id=95\/"},"modified":"2017-09-26T09:35:57","modified_gmt":"2017-09-26T07:35:57","slug":"philosophie","status":"publish","type":"page","link":"https:\/\/www.xilolab.eu\/de\/philosophie\/","title":{"rendered":"Philosophie"},"content":{"rendered":"<p><img loading=\"lazy\" decoding=\"async\" class=\"img-responsive alignnone wp-image-177 size-full\" src=\"http:\/\/www.xilolab.eu\/wp-content\/uploads\/2017\/06\/philosophy.jpg\" alt=\"\" width=\"1600\" height=\"800\" srcset=\"https:\/\/www.xilolab.eu\/wp-content\/uploads\/2017\/06\/philosophy.jpg 1600w, https:\/\/www.xilolab.eu\/wp-content\/uploads\/2017\/06\/philosophy-300x150.jpg 300w, https:\/\/www.xilolab.eu\/wp-content\/uploads\/2017\/06\/philosophy-768x384.jpg 768w, https:\/\/www.xilolab.eu\/wp-content\/uploads\/2017\/06\/philosophy-1024x512.jpg 1024w, https:\/\/www.xilolab.eu\/wp-content\/uploads\/2017\/06\/philosophy-600x300.jpg 600w, https:\/\/www.xilolab.eu\/wp-content\/uploads\/2017\/06\/philosophy-800x400.jpg 800w\" sizes=\"(max-width: 1600px) 100vw, 1600px\" \/><\/p>\n<p>&nbsp;<\/p>\n<p>Unser Fokus auf \u00f6kologische Nachhaltigkeit ist die Basis aller unserer Produktentscheidungen. Wir entwickeln und fertigen unsere Produkte ohne die Zukunft unserer Kinder zu vergessen , die Qualit\u00e4t zu wahren und aus den Erfahrungen zu lernen. Wir erhalten die Sch\u00f6nheit des Holzes auf, ohne dabei die Eigenschaften zu ver\u00e4ndern. Aus diesem Grund belassen wir das Holz, wie beispielsweise Zeder und Zirbelkiefer , ohne Lackierung, sodass der nat\u00fcrliche Geruch noch vorhanden ist und wir uns an der W\u00e4rme als auch der nat\u00fcrlichen Oberfl\u00e4che erfreuen k\u00f6nnen.<\/p>\n<p>F\u00fcr die andere Produkte behandeln wir die Oberfl\u00e4che nur mit kleinstm\u00f6glicher Auswirkung auf die Umwelt und minimalen Emissionen. Dies wirkt sich, sowohl auf die Produktion, als auch auf die endg\u00fcltige Entsorgung aus. So sch\u00fctzen wir die Gesundheit unserer Kunden und auch unserer Mitarbeiter. Alle unsere Produkte sind handgemacht: wir \u00fcberlassen dem Menschen die Kontrolle \u00fcber die Qualit\u00e4t und das Vergn\u00fcgen an der Handarbeit, bei vollem Respekt seiner Rechte und seiner Sicherheit. Die Produkte von Xilolab werden ausschlie\u00dflich mit europ\u00e4ischem Holz mit FSC oder PEFC Zertifikat hergestellt, um sicherzustellen, dass keine Natursch\u00e4den auftreten und die wirtschaftlichen als auch die sozialen Beeintr\u00e4chtigungen des Entnahmeorts zu kompensieren.<\/p>","protected":false},"excerpt":{"rendered":"<p>&nbsp; Unser Fokus auf \u00f6kologische Nachhaltigkeit ist die Basis aller unserer Produktentscheidungen. Wir entwickeln und fertigen unsere Produkte ohne die Zukunft unserer Kinder zu vergessen , die Qualit\u00e4t zu wahren und aus [&hellip;]<\/p>\n","protected":false},"author":1,"featured_media":0,"parent":0,"menu_order":0,"comment_status":"closed","ping_status":"closed","template":"","meta":{"footnotes":""},"_links":{"self":[{"href":"https:\/\/www.xilolab.eu\/de\/wp-json\/wp\/v2\/pages\/95"}],"collection":[{"href":"https:\/\/www.xilolab.eu\/de\/wp-json\/wp\/v2\/pages"}],"about":[{"href":"https:\/\/www.xilolab.eu\/de\/wp-json\/wp\/v2\/types\/page"}],"author":[{"embeddable":true,"href":"https:\/\/www.xilolab.eu\/de\/wp-json\/wp\/v2\/users\/1"}],"replies":[{"embeddable":true,"href":"https:\/\/www.xilolab.eu\/de\/wp-json\/wp\/v2\/comments?post=95"}],"version-history":[{"count":9,"href":"https:\/\/www.xilolab.eu\/de\/wp-json\/wp\/v2\/pages\/95\/revisions"}],"predecessor-version":[{"id":1339,"href":"https:\/\/www.xilolab.eu\/de\/wp-json\/wp\/v2\/pages\/95\/revisions\/1339"}],"wp:attachment":[{"href":"https:\/\/www.xilolab.eu\/de\/wp-json\/wp\/v2\/media?parent=95"}],"curies":[{"name":"wp","href":"https:\/\/api.w.org\/{rel}","templated":true}]}}