{"id":264,"date":"2017-06-19T12:15:02","date_gmt":"2017-06-19T10:15:02","guid":{"rendered":"http:\/\/www.xilolab.eu\/?post_type=product&#038;p=264\/"},"modified":"2017-09-13T13:43:04","modified_gmt":"2017-09-13T11:43:04","slug":"bouchon","status":"publish","type":"product","link":"https:\/\/www.xilolab.eu\/de\/produkt\/bouchon\/","title":{"rendered":"Bouchon"},"content":{"rendered":"<p>Bouchon ist ein sympathischer Aufh\u00e4nger, hergestellt aus unbehandeltem Zirbelholz. Die konische und breite Form erlaubt Dir auch mehrere Kleidungsst\u00fccke an einem Aufh\u00e4nger zu platzieren, ohne dass es zum gro\u00dfen Knittern kommt. Es ist modular, du kannst ihn in 3 verschiedene Gr\u00f6ssen kombinieren und an die Wand anh\u00e4ngen, so wie Du willst, in Muster und Anzahl. Und es ist auch einfach zu montieren! Folge den Anweisungen in unserem Video:<\/p>\n<p><iframe loading=\"lazy\" title=\"fix Bouchon\" width=\"500\" height=\"281\" src=\"https:\/\/www.youtube.com\/embed\/D6Z9Xf9uyzU?wmode=transparent&amp;rel=0&amp;feature=oembed\" frameborder=\"0\" allow=\"accelerometer; autoplay; clipboard-write; encrypted-media; gyroscope; picture-in-picture; web-share\" referrerpolicy=\"strict-origin-when-cross-origin\" allowfullscreen><\/iframe><\/p>\n<p><a href=\"http:\/\/www.xilolab.eu\/wp-content\/uploads\/2017\/07\/bouchon-ST-.jpg\">Technische Daten<\/a><\/p>","protected":false},"excerpt":{"rendered":"<p>Modularer Kleiderh\u00e4nger aus Zirbelholz<\/p>\n","protected":false},"featured_media":651,"comment_status":"open","ping_status":"closed","template":"","meta":[],"_links":{"self":[{"href":"https:\/\/www.xilolab.eu\/de\/wp-json\/wp\/v2\/product\/264"}],"collection":[{"href":"https:\/\/www.xilolab.eu\/de\/wp-json\/wp\/v2\/product"}],"about":[{"href":"https:\/\/www.xilolab.eu\/de\/wp-json\/wp\/v2\/types\/product"}],"replies":[{"embeddable":true,"href":"https:\/\/www.xilolab.eu\/de\/wp-json\/wp\/v2\/comments?post=264"}],"wp:featuredmedia":[{"embeddable":true,"href":"https:\/\/www.xilolab.eu\/de\/wp-json\/wp\/v2\/media\/651"}],"wp:attachment":[{"href":"https:\/\/www.xilolab.eu\/de\/wp-json\/wp\/v2\/media?parent=264"}],"curies":[{"name":"wp","href":"https:\/\/api.w.org\/{rel}","templated":true}]}}