{"id":275,"date":"2017-06-19T12:18:55","date_gmt":"2017-06-19T10:18:55","guid":{"rendered":"http:\/\/www.xilolab.eu\/?post_type=product&#038;p=275\/"},"modified":"2017-11-07T15:42:17","modified_gmt":"2017-11-07T14:42:17","slug":"applique","status":"publish","type":"product","link":"https:\/\/www.xilolab.eu\/de\/produkt\/applique\/","title":{"rendered":"Applique"},"content":{"rendered":"<p>Die filigranen Holzlampen, deren Kabel in verschiedene L\u00e4ngen und Farben eingestellt werden kann, sorgt daf\u00fcr,dass Du Licht an die Decke bekommst, wo eigentlich keine Anschl\u00fcsse sind. Das reduzierende Design mit zwei gro\u00dfen Retroleuchten, setzt in Deiner Wohnung durch das warme Licht besondere Akzente . Du kannst zwischen Nussbaum, Eiche und Esche w\u00e4hlen. All unsere Produkte wurden in Handarbeit gefertigt.<\/p>\n<p><a href=\"http:\/\/www.xilolab.eu\/wp-content\/uploads\/2017\/11\/applique.jpg\" data-mce-href=\"http:\/\/www.xilolab.eu\/wp-content\/uploads\/2017\/11\/applique.jpg\">Technische Daten<\/a><\/p>","protected":false},"excerpt":{"rendered":"<p>H\u00e4ngelampe mit zwei Fassungen, Verstellbares Kabel.<\/p>\n<p>Material: Eiche, Nussbaum, Esche<\/p>\n","protected":false},"featured_media":197,"comment_status":"closed","ping_status":"closed","template":"","meta":[],"_links":{"self":[{"href":"https:\/\/www.xilolab.eu\/de\/wp-json\/wp\/v2\/product\/275"}],"collection":[{"href":"https:\/\/www.xilolab.eu\/de\/wp-json\/wp\/v2\/product"}],"about":[{"href":"https:\/\/www.xilolab.eu\/de\/wp-json\/wp\/v2\/types\/product"}],"replies":[{"embeddable":true,"href":"https:\/\/www.xilolab.eu\/de\/wp-json\/wp\/v2\/comments?post=275"}],"wp:featuredmedia":[{"embeddable":true,"href":"https:\/\/www.xilolab.eu\/de\/wp-json\/wp\/v2\/media\/197"}],"wp:attachment":[{"href":"https:\/\/www.xilolab.eu\/de\/wp-json\/wp\/v2\/media?parent=275"}],"curies":[{"name":"wp","href":"https:\/\/api.w.org\/{rel}","templated":true}]}}