{"id":466,"date":"2017-07-11T17:29:52","date_gmt":"2017-07-11T15:29:52","guid":{"rendered":"http:\/\/www.xilolab.eu\/product\/wally-cocktail\/"},"modified":"2017-09-01T17:27:40","modified_gmt":"2017-09-01T15:27:40","slug":"wally-cocktail","status":"publish","type":"product","link":"https:\/\/www.xilolab.eu\/de\/produkt\/wally-cocktail\/","title":{"rendered":"Wally Cocktail"},"content":{"rendered":"<p>Wally Cocktail \u2013 die kleinere Version des Wally Schneidebrett &#8211; dient nicht nur als K\u00fcchenbrett, sondern bevorzugt auch als Basis f\u00fcr Canap\u00e9s, Cocktails, Sekt- oder Weingl\u00e4ser.<\/p>","protected":false},"excerpt":{"rendered":"<blockquote><p>Kleines Servierbrett f\u00fcr Canap\u00e9s und Weingl\u00e4ser<\/p><\/blockquote>\n","protected":false},"featured_media":573,"comment_status":"open","ping_status":"closed","template":"","meta":[],"_links":{"self":[{"href":"https:\/\/www.xilolab.eu\/de\/wp-json\/wp\/v2\/product\/466"}],"collection":[{"href":"https:\/\/www.xilolab.eu\/de\/wp-json\/wp\/v2\/product"}],"about":[{"href":"https:\/\/www.xilolab.eu\/de\/wp-json\/wp\/v2\/types\/product"}],"replies":[{"embeddable":true,"href":"https:\/\/www.xilolab.eu\/de\/wp-json\/wp\/v2\/comments?post=466"}],"wp:featuredmedia":[{"embeddable":true,"href":"https:\/\/www.xilolab.eu\/de\/wp-json\/wp\/v2\/media\/573"}],"wp:attachment":[{"href":"https:\/\/www.xilolab.eu\/de\/wp-json\/wp\/v2\/media?parent=466"}],"curies":[{"name":"wp","href":"https:\/\/api.w.org\/{rel}","templated":true}]}}