{"id":469,"date":"2017-07-11T17:30:05","date_gmt":"2017-07-11T15:30:05","guid":{"rendered":"http:\/\/www.xilolab.eu\/product\/bouquin\/"},"modified":"2017-09-07T15:11:52","modified_gmt":"2017-09-07T13:11:52","slug":"bouquin","status":"publish","type":"product","link":"https:\/\/www.xilolab.eu\/de\/produkt\/bouquin\/","title":{"rendered":"Bouquin"},"content":{"rendered":"<p>Ein neuartiges und vielseitiges Regal, das verschiedene Optionen bietet: als Trennwand oder einfach an der Wand angelehnt. Mit einem breiten unteren Regal, das Fernsehern oder anderen Ger\u00e4ten Platz bietet und viele obere Regale mit kleinen und grossen Nischen f\u00fcr B\u00fccher und Objekte.Es ist aus massiver Eiche oder Kirschbaum und mit Hartwachs\u00f6l behandelt . Einfach zu montieren mit Holzd\u00fcbeln &amp; Verschraubung. Holzd\u00fcbel und Schrauben f\u00fcr die unteren F\u00fcsse werden mitgeliefert.<\/p>\n<p><a href=\"http:\/\/www.xilolab.eu\/wp-content\/uploads\/2017\/07\/Bouquin-scheda-tecnica-2.pdf\">Technische Daten<\/a><\/p>","protected":false},"excerpt":{"rendered":"<p>Offenes Regal<\/p>\n<p>&nbsp;<\/p>\n","protected":false},"featured_media":789,"comment_status":"open","ping_status":"closed","template":"","meta":[],"_links":{"self":[{"href":"https:\/\/www.xilolab.eu\/de\/wp-json\/wp\/v2\/product\/469"}],"collection":[{"href":"https:\/\/www.xilolab.eu\/de\/wp-json\/wp\/v2\/product"}],"about":[{"href":"https:\/\/www.xilolab.eu\/de\/wp-json\/wp\/v2\/types\/product"}],"replies":[{"embeddable":true,"href":"https:\/\/www.xilolab.eu\/de\/wp-json\/wp\/v2\/comments?post=469"}],"wp:featuredmedia":[{"embeddable":true,"href":"https:\/\/www.xilolab.eu\/de\/wp-json\/wp\/v2\/media\/789"}],"wp:attachment":[{"href":"https:\/\/www.xilolab.eu\/de\/wp-json\/wp\/v2\/media?parent=469"}],"curies":[{"name":"wp","href":"https:\/\/api.w.org\/{rel}","templated":true}]}}