{"id":479,"date":"2017-07-11T17:31:34","date_gmt":"2017-07-11T15:31:34","guid":{"rendered":"http:\/\/www.xilolab.eu\/product\/kuk\/"},"modified":"2017-07-26T20:02:28","modified_gmt":"2017-07-26T18:02:28","slug":"kuk","status":"publish","type":"product","link":"https:\/\/www.xilolab.eu\/de\/produkt\/kuk\/","title":{"rendered":"KUK"},"content":{"rendered":"<p>Kuk ist ein schlichtes M\u00f6bel mit vielen n\u00fctzlichen Einrichtungen. Auf der glatten Arbeitsfl\u00e4che, mit praktischem Messergriff und Tuchhalter, werden kleinere Arbeiten erledigt. Direkt darunter ist Platz f\u00fcr gr\u00f6\u00dfere K\u00fcchenger\u00e4te wie einem Mixer oder Kochtopf. Die L\u00f6cher in den seitlichen Regalen haben die ideale Breite f\u00fcr Weinflaschen und viel Platz bieten au\u00dferdem zwei seitliche F\u00e4cher.<\/p>","protected":false},"excerpt":{"rendered":"<p>Material: Esche, Buche<\/p>\n","protected":false},"featured_media":439,"comment_status":"open","ping_status":"closed","template":"","meta":[],"_links":{"self":[{"href":"https:\/\/www.xilolab.eu\/de\/wp-json\/wp\/v2\/product\/479"}],"collection":[{"href":"https:\/\/www.xilolab.eu\/de\/wp-json\/wp\/v2\/product"}],"about":[{"href":"https:\/\/www.xilolab.eu\/de\/wp-json\/wp\/v2\/types\/product"}],"replies":[{"embeddable":true,"href":"https:\/\/www.xilolab.eu\/de\/wp-json\/wp\/v2\/comments?post=479"}],"wp:featuredmedia":[{"embeddable":true,"href":"https:\/\/www.xilolab.eu\/de\/wp-json\/wp\/v2\/media\/439"}],"wp:attachment":[{"href":"https:\/\/www.xilolab.eu\/de\/wp-json\/wp\/v2\/media?parent=479"}],"curies":[{"name":"wp","href":"https:\/\/api.w.org\/{rel}","templated":true}]}}