{"id":137,"date":"2017-06-18T21:24:13","date_gmt":"2017-06-18T19:24:13","guid":{"rendered":"http:\/\/www.xilolab.eu\/?page_id=137\/"},"modified":"2017-09-24T15:36:09","modified_gmt":"2017-09-24T13:36:09","slug":"philosophie","status":"publish","type":"page","link":"https:\/\/www.xilolab.eu\/fr\/philosophie\/","title":{"rendered":"Philosophie"},"content":{"rendered":"<p><img loading=\"lazy\" decoding=\"async\" class=\"img-responsive alignnone wp-image-178 size-full\" src=\"http:\/\/www.xilolab.eu\/wp-content\/uploads\/2017\/06\/philosophy.jpg\" alt=\"\" width=\"1600\" height=\"800\" srcset=\"https:\/\/www.xilolab.eu\/wp-content\/uploads\/2017\/06\/philosophy.jpg 1600w, https:\/\/www.xilolab.eu\/wp-content\/uploads\/2017\/06\/philosophy-300x150.jpg 300w, https:\/\/www.xilolab.eu\/wp-content\/uploads\/2017\/06\/philosophy-768x384.jpg 768w, https:\/\/www.xilolab.eu\/wp-content\/uploads\/2017\/06\/philosophy-1024x512.jpg 1024w, https:\/\/www.xilolab.eu\/wp-content\/uploads\/2017\/06\/philosophy-600x300.jpg 600w, https:\/\/www.xilolab.eu\/wp-content\/uploads\/2017\/06\/philosophy-800x400.jpg 800w\" sizes=\"(max-width: 1600px) 100vw, 1600px\" \/><\/p>\n<p>&nbsp;<\/p>\n<p>L\u2019attention que Xilolab porte \u00e0 la durabilit\u00e9 et \u00e0 l\u2019environnement est le fondement de nos choix commerciaux.<br \/>\nNous concevons et fabriquons nos produits sans jamais oublier l\u2019avenir de nos enfants, donner la priorit\u00e9 \u00e0\u00a0la qualit\u00e9 et ne pas oublier les exp\u00e9riences du pass\u00e9.<br \/>\nNous appr\u00e9cions la beaut\u00e9 du bois sans en oublier ses caract\u00e9ristiques. Pour cette raison, nous ne traitons pas superficiellement les bois tels que le c\u00e8dre (C\u00e8dre sp.) ou le pin (Pinus cembra), ainsi \u00a0ceux-ci exaltent encore leur parfum si particulier. Vous pouvez profiter \u00e9galement de leur contact chaleureux et naturel ainsi que de leurs propri\u00e9t\u00e9s b\u00e9n\u00e9fiques.<br \/>\nPour les autres bois, nous utilisons des finitions de haute qualit\u00e9 et reste seulement les \u00e9missions naturelles qui ont un faible impact environnemental. \u00a0Donc, nous prot\u00e9geons la sant\u00e9 du consommateur et en m\u00eame\u00a0 temps la n\u00f4tre!<br \/>\nLe traitement est strictement artisanal: laisser \u00e0 \u00a0l\u2019homme le contr\u00f4le de la qualit\u00e9 et le plaisir du processus.<br \/>\nLes produits Xilolab sont fabriqu\u00e9s exclusivement \u00e0 partir de bois FSC europ\u00e9en ou certifi\u00e9 PEFC, ceci afin de vous assurer qu&rsquo;il n&rsquo;est pas port\u00e9 pr\u00e9judice \u00e0 l\u2019environnement et que sont respect\u00e9es les conditions \u00e9conomiques et sociales du lieu de ramassage.<\/p>","protected":false},"excerpt":{"rendered":"<p>&nbsp; L\u2019attention que Xilolab porte \u00e0 la durabilit\u00e9 et \u00e0 l\u2019environnement est le fondement de nos choix commerciaux. Nous concevons et fabriquons nos produits sans jamais oublier l\u2019avenir de nos enfants, donner [&hellip;]<\/p>\n","protected":false},"author":1,"featured_media":0,"parent":0,"menu_order":0,"comment_status":"closed","ping_status":"closed","template":"","meta":{"footnotes":""},"_links":{"self":[{"href":"https:\/\/www.xilolab.eu\/fr\/wp-json\/wp\/v2\/pages\/137"}],"collection":[{"href":"https:\/\/www.xilolab.eu\/fr\/wp-json\/wp\/v2\/pages"}],"about":[{"href":"https:\/\/www.xilolab.eu\/fr\/wp-json\/wp\/v2\/types\/page"}],"author":[{"embeddable":true,"href":"https:\/\/www.xilolab.eu\/fr\/wp-json\/wp\/v2\/users\/1"}],"replies":[{"embeddable":true,"href":"https:\/\/www.xilolab.eu\/fr\/wp-json\/wp\/v2\/comments?post=137"}],"version-history":[{"count":8,"href":"https:\/\/www.xilolab.eu\/fr\/wp-json\/wp\/v2\/pages\/137\/revisions"}],"predecessor-version":[{"id":1336,"href":"https:\/\/www.xilolab.eu\/fr\/wp-json\/wp\/v2\/pages\/137\/revisions\/1336"}],"wp:attachment":[{"href":"https:\/\/www.xilolab.eu\/fr\/wp-json\/wp\/v2\/media?parent=137"}],"curies":[{"name":"wp","href":"https:\/\/api.w.org\/{rel}","templated":true}]}}