{"id":453,"date":"2017-06-19T12:15:02","date_gmt":"2017-06-19T10:15:02","guid":{"rendered":"http:\/\/www.xilolab.eu\/product\/bouchon\/"},"modified":"2017-09-24T16:58:56","modified_gmt":"2017-09-24T14:58:56","slug":"bouchon","status":"publish","type":"product","link":"https:\/\/www.xilolab.eu\/fr\/produit\/bouchon\/","title":{"rendered":"Bouchon"},"content":{"rendered":"<p>Bouchon est un porte-manteau modulaire r\u00e9alis\u00e9 en bois de pin cembro. La forme tronqu\u00e9e et la longueur du c\u00f4ne qui rappelle celle d\u2019un bouchon \u00e9vite les plis et permet de suspendre plusieurs v\u00eatements \u00e0 la fois. Le syst\u00e8me est modulaire, il est donc livrable dans la quantit\u00e9 souhait\u00e9e pour r\u00e9aliser sur les murs le motif d\u00e9sir\u00e9. Il est \u00e9galement disponible en set de 3 ou 6 pieces . Il est tr\u00e8s facile\u00a0\u00e0 monter ! Vous pouvez suivre les instructions de la video.<\/p>\n<p><iframe loading=\"lazy\" title=\"fix Bouchon\" width=\"500\" height=\"281\" src=\"https:\/\/www.youtube.com\/embed\/D6Z9Xf9uyzU?wmode=transparent&amp;rel=0&amp;feature=oembed\" frameborder=\"0\" allow=\"accelerometer; autoplay; clipboard-write; encrypted-media; gyroscope; picture-in-picture; web-share\" referrerpolicy=\"strict-origin-when-cross-origin\" allowfullscreen><\/iframe><\/p>\n<p><a href=\"http:\/\/www.xilolab.eu\/wp-content\/uploads\/2017\/07\/bouchon-ST-.jpg\">Fiche tecnique<\/a><\/p>","protected":false},"excerpt":{"rendered":"<p>Porte-manteau modulaire<\/p>\n","protected":false},"featured_media":650,"comment_status":"open","ping_status":"closed","template":"","meta":[],"_links":{"self":[{"href":"https:\/\/www.xilolab.eu\/fr\/wp-json\/wp\/v2\/product\/453"}],"collection":[{"href":"https:\/\/www.xilolab.eu\/fr\/wp-json\/wp\/v2\/product"}],"about":[{"href":"https:\/\/www.xilolab.eu\/fr\/wp-json\/wp\/v2\/types\/product"}],"replies":[{"embeddable":true,"href":"https:\/\/www.xilolab.eu\/fr\/wp-json\/wp\/v2\/comments?post=453"}],"wp:featuredmedia":[{"embeddable":true,"href":"https:\/\/www.xilolab.eu\/fr\/wp-json\/wp\/v2\/media\/650"}],"wp:attachment":[{"href":"https:\/\/www.xilolab.eu\/fr\/wp-json\/wp\/v2\/media?parent=453"}],"curies":[{"name":"wp","href":"https:\/\/api.w.org\/{rel}","templated":true}]}}