{"id":461,"date":"2017-06-19T12:18:55","date_gmt":"2017-06-19T10:18:55","guid":{"rendered":"http:\/\/www.xilolab.eu\/product\/applique\/"},"modified":"2017-11-07T14:33:55","modified_gmt":"2017-11-07T13:33:55","slug":"applique","status":"publish","type":"product","link":"https:\/\/www.xilolab.eu\/fr\/produit\/applique\/","title":{"rendered":"Applique"},"content":{"rendered":"<p>Ce luminaire design, \u00e9quip\u00e9 de longs cables r\u00e9glables en longueur est disponible en diff\u00e9rentes couleurs. Il peut se raccorder soit au plafond soit au mur. Il est disponible en finition noyer, ch\u00eane ou fr\u00eane.<\/p>\n<p>Les deux grands globes \u00ab\u00a0retros\u00a0\u00bb, disponibles en option, diffusent une lumi\u00e8re chaude qui cr\u00e9e une atmosph\u00e8re particuli\u00e8re.<\/p>\n<p><a href=\"http:\/\/www.xilolab.eu\/wp-content\/uploads\/2017\/11\/applique.jpg\">Fiche Technique<\/a><\/p>","protected":false},"excerpt":{"rendered":"<p>Suspension r\u00e9glable<\/p>\n<p>Mat\u00e9rial: noyer, ch\u00eane, fr\u00eane<\/p>\n<p>&nbsp;<\/p>\n<p>&nbsp;<\/p>\n","protected":false},"featured_media":196,"comment_status":"closed","ping_status":"closed","template":"","meta":[],"_links":{"self":[{"href":"https:\/\/www.xilolab.eu\/fr\/wp-json\/wp\/v2\/product\/461"}],"collection":[{"href":"https:\/\/www.xilolab.eu\/fr\/wp-json\/wp\/v2\/product"}],"about":[{"href":"https:\/\/www.xilolab.eu\/fr\/wp-json\/wp\/v2\/types\/product"}],"replies":[{"embeddable":true,"href":"https:\/\/www.xilolab.eu\/fr\/wp-json\/wp\/v2\/comments?post=461"}],"wp:featuredmedia":[{"embeddable":true,"href":"https:\/\/www.xilolab.eu\/fr\/wp-json\/wp\/v2\/media\/196"}],"wp:attachment":[{"href":"https:\/\/www.xilolab.eu\/fr\/wp-json\/wp\/v2\/media?parent=461"}],"curies":[{"name":"wp","href":"https:\/\/api.w.org\/{rel}","templated":true}]}}