{"id":464,"date":"2017-07-11T17:28:45","date_gmt":"2017-07-11T15:28:45","guid":{"rendered":"http:\/\/www.xilolab.eu\/product\/wally\/"},"modified":"2017-09-24T16:39:09","modified_gmt":"2017-09-24T14:39:09","slug":"wally","status":"publish","type":"product","link":"https:\/\/www.xilolab.eu\/fr\/produit\/wally\/","title":{"rendered":"Wally"},"content":{"rendered":"<p>Wally est une planche \u00e0 d\u00e9couper en bois massif certifi\u00e9 , r\u00e9alis\u00e9e dans le pr\u00e9cieux latifoli ( ch\u00eane, cendre ou h\u00eatre ); l\u2019ensemble est sans traitement pour permettre son utilisation en contact direct avec les aliments. Une prise large et \u00e9paisse permet une manipulation ais\u00e9e et le rangement \u00e0 la verticale.<\/p>\n<p><a href=\"http:\/\/www.xilolab.eu\/wp-content\/uploads\/2017\/07\/Wally-scheda-tecnica-1-1.pdf\">Fiche technique<\/a><\/p>","protected":false},"excerpt":{"rendered":"<p>Planche \u00e0 decouper, bois massif<\/p>\n","protected":false},"featured_media":381,"comment_status":"open","ping_status":"closed","template":"","meta":[],"_links":{"self":[{"href":"https:\/\/www.xilolab.eu\/fr\/wp-json\/wp\/v2\/product\/464"}],"collection":[{"href":"https:\/\/www.xilolab.eu\/fr\/wp-json\/wp\/v2\/product"}],"about":[{"href":"https:\/\/www.xilolab.eu\/fr\/wp-json\/wp\/v2\/types\/product"}],"replies":[{"embeddable":true,"href":"https:\/\/www.xilolab.eu\/fr\/wp-json\/wp\/v2\/comments?post=464"}],"wp:featuredmedia":[{"embeddable":true,"href":"https:\/\/www.xilolab.eu\/fr\/wp-json\/wp\/v2\/media\/381"}],"wp:attachment":[{"href":"https:\/\/www.xilolab.eu\/fr\/wp-json\/wp\/v2\/media?parent=464"}],"curies":[{"name":"wp","href":"https:\/\/api.w.org\/{rel}","templated":true}]}}