{"id":467,"date":"2017-07-11T17:29:52","date_gmt":"2017-07-11T15:29:52","guid":{"rendered":"http:\/\/www.xilolab.eu\/product\/wally-cocktail\/"},"modified":"2017-09-24T16:33:40","modified_gmt":"2017-09-24T14:33:40","slug":"wally-cocktail","status":"publish","type":"product","link":"https:\/\/www.xilolab.eu\/fr\/produit\/wally-cocktail\/","title":{"rendered":"Wally Cocktail"},"content":{"rendered":"<p>Wally Cocktail, la petite version de Wally, peut \u00eatre utilis\u00e9e comme plateau pour amuses-bouches et \u00e9galement comme porte verre \u00e0 pied.<\/p>","protected":false},"excerpt":{"rendered":"<p>Petite plateau pour amuse-bouche et verre \u00e0 pied<\/p>\n","protected":false},"featured_media":572,"comment_status":"open","ping_status":"closed","template":"","meta":[],"_links":{"self":[{"href":"https:\/\/www.xilolab.eu\/fr\/wp-json\/wp\/v2\/product\/467"}],"collection":[{"href":"https:\/\/www.xilolab.eu\/fr\/wp-json\/wp\/v2\/product"}],"about":[{"href":"https:\/\/www.xilolab.eu\/fr\/wp-json\/wp\/v2\/types\/product"}],"replies":[{"embeddable":true,"href":"https:\/\/www.xilolab.eu\/fr\/wp-json\/wp\/v2\/comments?post=467"}],"wp:featuredmedia":[{"embeddable":true,"href":"https:\/\/www.xilolab.eu\/fr\/wp-json\/wp\/v2\/media\/572"}],"wp:attachment":[{"href":"https:\/\/www.xilolab.eu\/fr\/wp-json\/wp\/v2\/media?parent=467"}],"curies":[{"name":"wp","href":"https:\/\/api.w.org\/{rel}","templated":true}]}}