{"id":470,"date":"2017-07-11T17:30:05","date_gmt":"2017-07-11T15:30:05","guid":{"rendered":"http:\/\/www.xilolab.eu\/product\/bouquin\/"},"modified":"2019-01-09T12:36:02","modified_gmt":"2019-01-09T11:36:02","slug":"bouquin","status":"publish","type":"product","link":"https:\/\/www.xilolab.eu\/fr\/produit\/bouquin\/","title":{"rendered":"Bouquin"},"content":{"rendered":"<p>Un meuble polyvalent et original, qui peut etre utilis\u00e9 individuellement mais \u00e9galement en appui sur un mur. Le plateau inf\u00e9rieur, plus large que les sup\u00e9rieurs , permet de poser un t\u00e9l\u00e9viseur ou tout autre objet volumineux. Les plateaux sup\u00e9rieurs et l&rsquo;appui lat\u00e9ral offrent une place pour des livres et de petits objets. Realis\u00e9 en ch\u00eane massif et trait\u00e9 aux huiles naturelles, il est constitu\u00e9 de diff\u00e9rentes pi\u00e8ces qui peuvent se monter facilement avec des cales en bois. Cales et vis sont fournies avec le meuble.<\/p>\n<p><a href=\"http:\/\/www.xilolab.eu\/wp-content\/uploads\/2017\/07\/Bouquin-scheda-tecnica-2.pdf\">Fiche Technique<\/a><\/p>","protected":false},"excerpt":{"rendered":"<p>Etag\u00e8re ouverte<\/p>\n","protected":false},"featured_media":788,"comment_status":"open","ping_status":"closed","template":"","meta":[],"_links":{"self":[{"href":"https:\/\/www.xilolab.eu\/fr\/wp-json\/wp\/v2\/product\/470"}],"collection":[{"href":"https:\/\/www.xilolab.eu\/fr\/wp-json\/wp\/v2\/product"}],"about":[{"href":"https:\/\/www.xilolab.eu\/fr\/wp-json\/wp\/v2\/types\/product"}],"replies":[{"embeddable":true,"href":"https:\/\/www.xilolab.eu\/fr\/wp-json\/wp\/v2\/comments?post=470"}],"wp:featuredmedia":[{"embeddable":true,"href":"https:\/\/www.xilolab.eu\/fr\/wp-json\/wp\/v2\/media\/788"}],"wp:attachment":[{"href":"https:\/\/www.xilolab.eu\/fr\/wp-json\/wp\/v2\/media?parent=470"}],"curies":[{"name":"wp","href":"https:\/\/api.w.org\/{rel}","templated":true}]}}