{"id":475,"date":"2017-07-11T17:30:44","date_gmt":"2017-07-11T15:30:44","guid":{"rendered":"http:\/\/www.xilolab.eu\/product\/panka\/"},"modified":"2017-09-26T19:10:07","modified_gmt":"2017-09-26T17:10:07","slug":"panka","status":"publish","type":"product","link":"https:\/\/www.xilolab.eu\/fr\/produit\/panka\/","title":{"rendered":"Panka"},"content":{"rendered":"<p>Panka est un banc enti\u00e8rement en bois massif, extr\u00eamement simple \u00e0 assembler gr\u00e2ce au syst\u00e8me de fixation et \u00e0 seulement deux vis. Le design est minimal et en m\u00eame temps original, ce qui le rend adapt\u00e9 \u00e0 l&rsquo;entr\u00e9e, au living ou \u00e0 la chambre. Il est \u00e9galement disponible dans la version \u00abhaut\u00bb, o\u00f9 la version originale est enrichie par deux montants \u00e9quip\u00e9s de crochets de suspension et reli\u00e9s par une \u00e9tag\u00e8re en bois offrant une surface suppl\u00e9mentaire de rangement.<\/p>\n<p><a href=\"http:\/\/www.xilolab.eu\/wp-content\/uploads\/2017\/07\/TECNICO-PANKA-.pdf\">Fiche Technique<\/a><\/p>","protected":false},"excerpt":{"rendered":"<p>Banc en bois massif<\/p>\n<p>&nbsp;<\/p>\n","protected":false},"featured_media":1372,"comment_status":"closed","ping_status":"closed","template":"","meta":[],"_links":{"self":[{"href":"https:\/\/www.xilolab.eu\/fr\/wp-json\/wp\/v2\/product\/475"}],"collection":[{"href":"https:\/\/www.xilolab.eu\/fr\/wp-json\/wp\/v2\/product"}],"about":[{"href":"https:\/\/www.xilolab.eu\/fr\/wp-json\/wp\/v2\/types\/product"}],"replies":[{"embeddable":true,"href":"https:\/\/www.xilolab.eu\/fr\/wp-json\/wp\/v2\/comments?post=475"}],"wp:featuredmedia":[{"embeddable":true,"href":"https:\/\/www.xilolab.eu\/fr\/wp-json\/wp\/v2\/media\/1372"}],"wp:attachment":[{"href":"https:\/\/www.xilolab.eu\/fr\/wp-json\/wp\/v2\/media?parent=475"}],"curies":[{"name":"wp","href":"https:\/\/api.w.org\/{rel}","templated":true}]}}