{"id":477,"date":"2017-07-11T17:31:12","date_gmt":"2017-07-11T15:31:12","guid":{"rendered":"http:\/\/www.xilolab.eu\/product\/modino\/"},"modified":"2017-07-26T19:03:04","modified_gmt":"2017-07-26T17:03:04","slug":"modino","status":"publish","type":"product","link":"https:\/\/www.xilolab.eu\/fr\/produit\/modino\/","title":{"rendered":"Modino"},"content":{"rendered":"<p>Modino est une petite table modulaire doubl\u00e9e d&rsquo;un bureau, d\u2019une table d&rsquo;ordinateur et d\u2019une petite biblioth\u00e8que. Gr\u00e2ce \u00e0 sa petite taille, elle prendra facilement place m\u00eame dans les espaces r\u00e9duits.<\/p>","protected":false},"excerpt":{"rendered":"<p>Petit bureau ordinateur, Ch\u00eane<\/p>\n","protected":false},"featured_media":430,"comment_status":"open","ping_status":"closed","template":"","meta":[],"_links":{"self":[{"href":"https:\/\/www.xilolab.eu\/fr\/wp-json\/wp\/v2\/product\/477"}],"collection":[{"href":"https:\/\/www.xilolab.eu\/fr\/wp-json\/wp\/v2\/product"}],"about":[{"href":"https:\/\/www.xilolab.eu\/fr\/wp-json\/wp\/v2\/types\/product"}],"replies":[{"embeddable":true,"href":"https:\/\/www.xilolab.eu\/fr\/wp-json\/wp\/v2\/comments?post=477"}],"wp:featuredmedia":[{"embeddable":true,"href":"https:\/\/www.xilolab.eu\/fr\/wp-json\/wp\/v2\/media\/430"}],"wp:attachment":[{"href":"https:\/\/www.xilolab.eu\/fr\/wp-json\/wp\/v2\/media?parent=477"}],"curies":[{"name":"wp","href":"https:\/\/api.w.org\/{rel}","templated":true}]}}