{"id":480,"date":"2017-07-11T17:31:34","date_gmt":"2017-07-11T15:31:34","guid":{"rendered":"http:\/\/www.xilolab.eu\/product\/kuk\/"},"modified":"2017-09-24T16:31:08","modified_gmt":"2017-09-24T14:31:08","slug":"kuk","status":"publish","type":"product","link":"https:\/\/www.xilolab.eu\/fr\/produit\/kuk\/","title":{"rendered":"KUK"},"content":{"rendered":"<p>Kuk est un meuble de cuisine simple et fonctionnel avec une multitudes de d\u00e9tails utiles.<br \/>\nSous le plan de travail un emplacement pour le rangement de petits appareils \u00e9lectrom\u00e9nagers, sur le c\u00f4t\u00e9 pour les bouteilles de vin. Les grandes bo\u00eetes et deux \u00ab\u00a0poches\u00a0\u00bb lat\u00e9rales offrent un espace suppl\u00e9mentaire pour la nourriture ou de petits objets.<\/p>","protected":false},"excerpt":{"rendered":"<p>Mat\u00e9riel: Fr\u00eane, H\u00eatre<\/p>\n","protected":false},"featured_media":438,"comment_status":"open","ping_status":"closed","template":"","meta":[],"_links":{"self":[{"href":"https:\/\/www.xilolab.eu\/fr\/wp-json\/wp\/v2\/product\/480"}],"collection":[{"href":"https:\/\/www.xilolab.eu\/fr\/wp-json\/wp\/v2\/product"}],"about":[{"href":"https:\/\/www.xilolab.eu\/fr\/wp-json\/wp\/v2\/types\/product"}],"replies":[{"embeddable":true,"href":"https:\/\/www.xilolab.eu\/fr\/wp-json\/wp\/v2\/comments?post=480"}],"wp:featuredmedia":[{"embeddable":true,"href":"https:\/\/www.xilolab.eu\/fr\/wp-json\/wp\/v2\/media\/438"}],"wp:attachment":[{"href":"https:\/\/www.xilolab.eu\/fr\/wp-json\/wp\/v2\/media?parent=480"}],"curies":[{"name":"wp","href":"https:\/\/api.w.org\/{rel}","templated":true}]}}