{"id":483,"date":"2017-07-11T17:32:10","date_gmt":"2017-07-11T15:32:10","guid":{"rendered":"http:\/\/www.xilolab.eu\/product\/craddy\/"},"modified":"2017-07-26T21:20:03","modified_gmt":"2017-07-26T19:20:03","slug":"craddy","status":"publish","type":"product","link":"https:\/\/www.xilolab.eu\/fr\/produit\/craddy\/","title":{"rendered":"Craddy"},"content":{"rendered":"<p>Craddy, en bois de pin cembro massif, a une structure enti\u00e8rement d\u00e9pourvue de vis et de pi\u00e8ces m\u00e9talliques. Un c\u00f4t\u00e9 du berceau peut \u00eatre d\u00e9mont\u00e9 pour \u00eatre plac\u00e9 en appui sur le lit des parents, de mani\u00e8re \u00e0 ce que le b\u00e9b\u00e9 dormant dans son berceau soit toujours proche des parents. Une solution pour des nuits tranquilles pour tous ! Craddy se combine avec le lit Akini, mais il peut \u00eatre facilement adapt\u00e9 \u00e0 d&rsquo;autres structures de lit.<\/p>","protected":false},"excerpt":{"rendered":"<p>Berceau en bois de pin cembro<\/p>\n","protected":false},"featured_media":531,"comment_status":"open","ping_status":"closed","template":"","meta":[],"_links":{"self":[{"href":"https:\/\/www.xilolab.eu\/fr\/wp-json\/wp\/v2\/product\/483"}],"collection":[{"href":"https:\/\/www.xilolab.eu\/fr\/wp-json\/wp\/v2\/product"}],"about":[{"href":"https:\/\/www.xilolab.eu\/fr\/wp-json\/wp\/v2\/types\/product"}],"replies":[{"embeddable":true,"href":"https:\/\/www.xilolab.eu\/fr\/wp-json\/wp\/v2\/comments?post=483"}],"wp:featuredmedia":[{"embeddable":true,"href":"https:\/\/www.xilolab.eu\/fr\/wp-json\/wp\/v2\/media\/531"}],"wp:attachment":[{"href":"https:\/\/www.xilolab.eu\/fr\/wp-json\/wp\/v2\/media?parent=483"}],"curies":[{"name":"wp","href":"https:\/\/api.w.org\/{rel}","templated":true}]}}